{"id":6663,"date":"2017-04-20T14:56:27","date_gmt":"2017-04-20T12:56:27","guid":{"rendered":"https:\/\/mediclinic.qodeinteractive.com\/elementor\/?page_id=6663"},"modified":"2024-10-10T13:37:25","modified_gmt":"2024-10-10T11:37:25","slug":"contactar","status":"publish","type":"page","link":"https:\/\/www.fisioterapiamallorca.com\/es\/contactar\/","title":{"rendered":"Contactar"},"content":{"rendered":"<div data-elementor-type=\"wp-page\" data-elementor-id=\"6663\" class=\"elementor elementor-6663\">\n\t\t\t\t\t\t<section class=\"elementor-section elementor-top-section elementor-element elementor-element-3599109 elementor-section-full_width mkdf-elementor-row-grid-section mkdf-contact-info elementor-section-height-default elementor-section-height-default mkdf-parallax-row-no mkdf-content-aligment-left mkdf-disabled-bg-image-bellow-no\" data-id=\"3599109\" data-element_type=\"section\" data-settings=\"{&quot;background_background&quot;:&quot;classic&quot;}\">\n\t\t\t\t\t\t<div class=\"elementor-container elementor-column-gap-default\">\n\t\t\t\t\t<div class=\"elementor-column elementor-col-50 elementor-top-column elementor-element elementor-element-19e0cda\" data-id=\"19e0cda\" data-element_type=\"column\">\n\t\t\t<div class=\"elementor-widget-wrap elementor-element-populated\">\n\t\t\t\t\t\t<div class=\"elementor-element elementor-element-c2c7aa3 elementor-widget elementor-widget-mkdf_icon_with_text\" data-id=\"c2c7aa3\" data-element_type=\"widget\" data-widget_type=\"mkdf_icon_with_text.default\">\n\t\t\t\t<div class=\"elementor-widget-container\">\n\t\t\t<div class=\"mkdf-iwt clearfix mkdf-iwt-icon-left mkdf-iwt-icon-small\">\n\t<div class=\"mkdf-iwt-icon\" >\n\t\t\t\t\t<a itemprop=\"url\" href=\"https:\/\/goo.gl\/maps\/tmW8oWC81hWzYPd89\" target=\"_blank\">\n\t\t\t\t\t\t\t\t\t    <span class=\"mkdf-icon-shortcode mkdf-normal mkdf-icon-small\"  >\n                    <i class=\"mkdf-icon-ion-icon ion-android-pin mkdf-icon-element\" style=\"\" ><\/i>            <\/span>\n\t\t\t\t\t\t\t\t<\/a>\n\t\t\t<\/div>\n\t<div class=\"mkdf-iwt-content\" >\n\t\t\t\t\t\t\t<h5 class=\"mkdf-iwt-title\" style=\"font-size: 16px\">\n\t\t\t\t\t\t\t\t\t<a itemprop=\"url\" href=\"https:\/\/goo.gl\/maps\/tmW8oWC81hWzYPd89\" target=\"_blank\">\n\t\t\t\t\t\t\t\t<span class=\"mkdf-iwt-title-text\">Direcci\u00f3n<\/span>\n\t\t\t\t\t\t\t\t\t<\/a>\n\t\t\t\t\t\t\t<\/h5>\n\t\t\t\t\t\t\t<p class=\"mkdf-iwt-text\" >Miquel Bisellach 14, 07300 Inca, Mallorca<\/p>\n\t\t\t<\/div>\n<\/div>\t\t<\/div>\n\t\t\t\t<\/div>\n\t\t\t\t<div class=\"elementor-element elementor-element-a829eda elementor-widget-divider--view-line elementor-widget elementor-widget-divider\" data-id=\"a829eda\" data-element_type=\"widget\" data-widget_type=\"divider.default\">\n\t\t\t\t<div class=\"elementor-widget-container\">\n\t\t\t\t\t<div class=\"elementor-divider\">\n\t\t\t<span class=\"elementor-divider-separator\">\n\t\t\t\t\t\t<\/span>\n\t\t<\/div>\n\t\t\t\t<\/div>\n\t\t\t\t<\/div>\n\t\t\t\t<div class=\"elementor-element elementor-element-826d579 elementor-widget elementor-widget-mkdf_icon_with_text\" data-id=\"826d579\" data-element_type=\"widget\" data-widget_type=\"mkdf_icon_with_text.default\">\n\t\t\t\t<div class=\"elementor-widget-container\">\n\t\t\t<div class=\"mkdf-iwt clearfix mkdf-iwt-icon-left mkdf-iwt-icon-small\">\n\t<div class=\"mkdf-iwt-icon\" >\n\t\t\t\t\t<a itemprop=\"url\" href=\"tel: 34608830402\" target=\"_blank\">\n\t\t\t\t\t\t\t\t\t    <span class=\"mkdf-icon-shortcode mkdf-normal\"  >\n                    <i class=\"mkdf-icon-ion-icon ion-android-call mkdf-icon-element\" style=\"font-size:24px\" ><\/i>            <\/span>\n\t\t\t\t\t\t\t\t<\/a>\n\t\t\t<\/div>\n\t<div class=\"mkdf-iwt-content\" >\n\t\t\t\t\t\t\t<h5 class=\"mkdf-iwt-title\" style=\"font-size: 16px\">\n\t\t\t\t\t\t\t\t\t<a itemprop=\"url\" href=\"tel: 34608830402\" target=\"_blank\">\n\t\t\t\t\t\t\t\t<span class=\"mkdf-iwt-title-text\">Tel\u00e9fono<\/span>\n\t\t\t\t\t\t\t\t\t<\/a>\n\t\t\t\t\t\t\t<\/h5>\n\t\t\t\t\t\t\t<p class=\"mkdf-iwt-text\" >+34 608 83 04 02<\/p>\n\t\t\t<\/div>\n<\/div>\t\t<\/div>\n\t\t\t\t<\/div>\n\t\t\t\t<div class=\"elementor-element elementor-element-63b77ba elementor-widget-divider--view-line elementor-widget elementor-widget-divider\" data-id=\"63b77ba\" data-element_type=\"widget\" data-widget_type=\"divider.default\">\n\t\t\t\t<div class=\"elementor-widget-container\">\n\t\t\t\t\t<div class=\"elementor-divider\">\n\t\t\t<span class=\"elementor-divider-separator\">\n\t\t\t\t\t\t<\/span>\n\t\t<\/div>\n\t\t\t\t<\/div>\n\t\t\t\t<\/div>\n\t\t\t\t<div class=\"elementor-element elementor-element-ad21cd7 elementor-widget elementor-widget-mkdf_icon_with_text\" data-id=\"ad21cd7\" data-element_type=\"widget\" data-widget_type=\"mkdf_icon_with_text.default\">\n\t\t\t\t<div class=\"elementor-widget-container\">\n\t\t\t<div class=\"mkdf-iwt clearfix mkdf-iwt-icon-left mkdf-iwt-icon-small\">\n\t<div class=\"mkdf-iwt-icon\" >\n\t\t\t\t\t<a itemprop=\"url\" href=\"mailto:hola@fisioterapiamallorca.com\" target=\"_blank\">\n\t\t\t\t\t\t\t\t\t    <span class=\"mkdf-icon-shortcode mkdf-normal\"  >\n                    <i class=\"mkdf-icon-ion-icon ion-android-mail mkdf-icon-element\" style=\"font-size:24px\" ><\/i>            <\/span>\n\t\t\t\t\t\t\t\t<\/a>\n\t\t\t<\/div>\n\t<div class=\"mkdf-iwt-content\" >\n\t\t\t\t\t\t\t<h5 class=\"mkdf-iwt-title\" style=\"font-size: 16px\">\n\t\t\t\t\t\t\t\t\t<a itemprop=\"url\" href=\"mailto:hola@fisioterapiamallorca.com\" target=\"_blank\">\n\t\t\t\t\t\t\t\t<span class=\"mkdf-iwt-title-text\">Correo electr\u00f3nico<\/span>\n\t\t\t\t\t\t\t\t\t<\/a>\n\t\t\t\t\t\t\t<\/h5>\n\t\t\t\t\t\t\t<p class=\"mkdf-iwt-text\" >hola@fisioterapiamallorca.com<\/p>\n\t\t\t<\/div>\n<\/div>\t\t<\/div>\n\t\t\t\t<\/div>\n\t\t\t\t<div class=\"elementor-element elementor-element-5a90d21 elementor-widget-divider--view-line elementor-widget elementor-widget-divider\" data-id=\"5a90d21\" data-element_type=\"widget\" data-widget_type=\"divider.default\">\n\t\t\t\t<div class=\"elementor-widget-container\">\n\t\t\t\t\t<div class=\"elementor-divider\">\n\t\t\t<span class=\"elementor-divider-separator\">\n\t\t\t\t\t\t<\/span>\n\t\t<\/div>\n\t\t\t\t<\/div>\n\t\t\t\t<\/div>\n\t\t\t\t<div class=\"elementor-element elementor-element-cdecf27 elementor-shape-circle elementor-grid-3 e-grid-align-left elementor-widget elementor-widget-social-icons\" data-id=\"cdecf27\" data-element_type=\"widget\" data-widget_type=\"social-icons.default\">\n\t\t\t\t<div class=\"elementor-widget-container\">\n\t\t\t\t\t<div class=\"elementor-social-icons-wrapper elementor-grid\">\n\t\t\t\t\t\t\t<span class=\"elementor-grid-item\">\n\t\t\t\t\t<a class=\"elementor-icon elementor-social-icon elementor-social-icon-facebook elementor-animation-grow elementor-repeater-item-14f5aa9\" href=\"https:\/\/www.facebook.com\/fisioterapeutamallorca\" target=\"_blank\">\n\t\t\t\t\t\t<span class=\"elementor-screen-only\">Facebook<\/span>\n\t\t\t\t\t\t<i class=\"fab fa-facebook\"><\/i>\t\t\t\t\t<\/a>\n\t\t\t\t<\/span>\n\t\t\t\t\t\t\t<span class=\"elementor-grid-item\">\n\t\t\t\t\t<a class=\"elementor-icon elementor-social-icon elementor-social-icon-instagram elementor-animation-grow elementor-repeater-item-e4fdf0b\" href=\"https:\/\/www.instagram.com\/fisioterapia_mallorca\/\" target=\"_blank\">\n\t\t\t\t\t\t<span class=\"elementor-screen-only\">Instagram<\/span>\n\t\t\t\t\t\t<i class=\"fab fa-instagram\"><\/i>\t\t\t\t\t<\/a>\n\t\t\t\t<\/span>\n\t\t\t\t\t\t\t<span class=\"elementor-grid-item\">\n\t\t\t\t\t<a class=\"elementor-icon elementor-social-icon elementor-social-icon-whatsapp elementor-animation-grow elementor-repeater-item-7ff63f4\" href=\"https:\/\/wa.me\/34608830402\" target=\"_blank\">\n\t\t\t\t\t\t<span class=\"elementor-screen-only\">Whatsapp<\/span>\n\t\t\t\t\t\t<i class=\"fab fa-whatsapp\"><\/i>\t\t\t\t\t<\/a>\n\t\t\t\t<\/span>\n\t\t\t\t\t<\/div>\n\t\t\t\t<\/div>\n\t\t\t\t<\/div>\n\t\t\t\t\t<\/div>\n\t\t<\/div>\n\t\t\t\t<div class=\"elementor-column elementor-col-50 elementor-top-column elementor-element elementor-element-1c49020\" data-id=\"1c49020\" data-element_type=\"column\">\n\t\t\t<div class=\"elementor-widget-wrap elementor-element-populated\">\n\t\t\t\t\t\t<div class=\"elementor-element elementor-element-2c8d8ad elementor-widget elementor-widget-google_maps\" data-id=\"2c8d8ad\" data-element_type=\"widget\" data-widget_type=\"google_maps.default\">\n\t\t\t\t<div class=\"elementor-widget-container\">\n\t\t\t\t\t<div class=\"elementor-custom-embed\">\n\t\t\t<iframe loading=\"lazy\"\n\t\t\t\t\tsrc=\"https:\/\/maps.google.com\/maps?q=Miquel%20Bisellach%2C%2014%2007300.%20Inca.%20Mallorca&#038;t=m&#038;z=10&#038;output=embed&#038;iwloc=near\"\n\t\t\t\t\ttitle=\"Miquel Bisellach, 14 07300. Inca. Mallorca\"\n\t\t\t\t\taria-label=\"Miquel Bisellach, 14 07300. Inca. Mallorca\"\n\t\t\t><\/iframe>\n\t\t<\/div>\n\t\t\t\t<\/div>\n\t\t\t\t<\/div>\n\t\t\t\t\t<\/div>\n\t\t<\/div>\n\t\t\t\t\t<\/div>\n\t\t<\/section>\n\t\t\t\t<\/div>","protected":false},"excerpt":{"rendered":"<p>Direcci\u00f3n Miquel Bisellach 14, 07300 Inca, Mallorca Tel\u00e9fono +34 608 83 04 02 Correo electr\u00f3nico hola@fisioterapiamallorca.com Facebook Instagram Whatsapp<\/p>","protected":false},"author":2,"featured_media":15850,"parent":0,"menu_order":0,"comment_status":"closed","ping_status":"closed","template":"full-width.php","meta":{"footnotes":""},"class_list":["post-6663","page","type-page","status-publish","has-post-thumbnail","hentry"],"yoast_head":"<!-- This site is optimized with the Yoast SEO plugin v23.5 - https:\/\/yoast.com\/wordpress\/plugins\/seo\/ -->\n<title>Contactar | Fisioterapia Mallorca | Miquel Mir<\/title>\n<meta name=\"description\" content=\"Contacta amb el nostre centre de fisioter\u00e0pia a Inca, Mallorca, per a m\u00e9s informaci\u00f3 sobre els nostres serveis i per programar la teva cita avui mateix.\" \/>\n<meta name=\"robots\" content=\"index, follow, max-snippet:-1, max-image-preview:large, max-video-preview:-1\" \/>\n<link rel=\"canonical\" href=\"https:\/\/www.fisioterapiamallorca.com\/es\/contactar\/\" \/>\n<meta property=\"og:locale\" content=\"es_ES\" \/>\n<meta property=\"og:type\" content=\"article\" \/>\n<meta property=\"og:title\" content=\"Contactar | Fisioterapia Mallorca | Miquel Mir\" \/>\n<meta property=\"og:description\" content=\"Contacta amb el nostre centre de fisioter\u00e0pia a Inca, Mallorca, per a m\u00e9s informaci\u00f3 sobre els nostres serveis i per programar la teva cita avui mateix.\" \/>\n<meta property=\"og:url\" content=\"https:\/\/www.fisioterapiamallorca.com\/es\/contactar\/\" \/>\n<meta property=\"og:site_name\" content=\"Fisioterapia Mallorca | Miquel Mir\" \/>\n<meta property=\"article:publisher\" content=\"https:\/\/www.facebook.com\/fisioterapeutamallorca\" \/>\n<meta property=\"article:modified_time\" content=\"2024-10-10T11:37:25+00:00\" \/>\n<meta property=\"og:image\" content=\"https:\/\/www.fisioterapiamallorca.com\/wp-content\/uploads\/2022\/03\/fisioterapia_mallorca_12.jpg\" \/>\n\t<meta property=\"og:image:width\" content=\"1920\" \/>\n\t<meta property=\"og:image:height\" content=\"1280\" \/>\n\t<meta property=\"og:image:type\" content=\"image\/jpeg\" \/>\n<meta name=\"twitter:card\" content=\"summary_large_image\" \/>\n<meta name=\"twitter:label1\" content=\"Tiempo de lectura\" \/>\n\t<meta name=\"twitter:data1\" content=\"1 minuto\" \/>\n<script type=\"application\/ld+json\" class=\"yoast-schema-graph\">{\"@context\":\"https:\/\/schema.org\",\"@graph\":[{\"@type\":\"WebPage\",\"@id\":\"https:\/\/www.fisioterapiamallorca.com\/contactar\/\",\"url\":\"https:\/\/www.fisioterapiamallorca.com\/contactar\/\",\"name\":\"Contactar | Fisioterapia Mallorca | Miquel Mir\",\"isPartOf\":{\"@id\":\"https:\/\/www.fisioterapiamallorca.com\/#website\"},\"primaryImageOfPage\":{\"@id\":\"https:\/\/www.fisioterapiamallorca.com\/contactar\/#primaryimage\"},\"image\":{\"@id\":\"https:\/\/www.fisioterapiamallorca.com\/contactar\/#primaryimage\"},\"thumbnailUrl\":\"https:\/\/www.fisioterapiamallorca.com\/wp-content\/uploads\/2022\/03\/fisioterapia_mallorca_12.jpg\",\"datePublished\":\"2017-04-20T12:56:27+00:00\",\"dateModified\":\"2024-10-10T11:37:25+00:00\",\"description\":\"Contacta amb el nostre centre de fisioter\u00e0pia a Inca, Mallorca, per a m\u00e9s informaci\u00f3 sobre els nostres serveis i per programar la teva cita avui mateix.\",\"breadcrumb\":{\"@id\":\"https:\/\/www.fisioterapiamallorca.com\/contactar\/#breadcrumb\"},\"inLanguage\":\"es\",\"potentialAction\":[{\"@type\":\"ReadAction\",\"target\":[\"https:\/\/www.fisioterapiamallorca.com\/contactar\/\"]}]},{\"@type\":\"ImageObject\",\"inLanguage\":\"es\",\"@id\":\"https:\/\/www.fisioterapiamallorca.com\/contactar\/#primaryimage\",\"url\":\"https:\/\/www.fisioterapiamallorca.com\/wp-content\/uploads\/2022\/03\/fisioterapia_mallorca_12.jpg\",\"contentUrl\":\"https:\/\/www.fisioterapiamallorca.com\/wp-content\/uploads\/2022\/03\/fisioterapia_mallorca_12.jpg\",\"width\":1920,\"height\":1280,\"caption\":\"Miquel Mir Fisioterapia Mallorca\"},{\"@type\":\"BreadcrumbList\",\"@id\":\"https:\/\/www.fisioterapiamallorca.com\/contactar\/#breadcrumb\",\"itemListElement\":[{\"@type\":\"ListItem\",\"position\":1,\"name\":\"Inici\",\"item\":\"https:\/\/www.fisioterapiamallorca.com\/\"},{\"@type\":\"ListItem\",\"position\":2,\"name\":\"Contactar\"}]},{\"@type\":\"WebSite\",\"@id\":\"https:\/\/www.fisioterapiamallorca.com\/#website\",\"url\":\"https:\/\/www.fisioterapiamallorca.com\/\",\"name\":\"Fisioterapia Mallorca | Miquel Mir\",\"description\":\"Miquel Mir | Fisioterapeuta en Inca, Mallorca\",\"publisher\":{\"@id\":\"https:\/\/www.fisioterapiamallorca.com\/#organization\"},\"alternateName\":\"Fisioterapia Mallorca\",\"potentialAction\":[{\"@type\":\"SearchAction\",\"target\":{\"@type\":\"EntryPoint\",\"urlTemplate\":\"https:\/\/www.fisioterapiamallorca.com\/?s={search_term_string}\"},\"query-input\":{\"@type\":\"PropertyValueSpecification\",\"valueRequired\":true,\"valueName\":\"search_term_string\"}}],\"inLanguage\":\"es\"},{\"@type\":\"Organization\",\"@id\":\"https:\/\/www.fisioterapiamallorca.com\/#organization\",\"name\":\"Fisioterapia Mallorca | Miquel Mir\",\"alternateName\":\"Fisioterapia Mallorca\",\"url\":\"https:\/\/www.fisioterapiamallorca.com\/\",\"logo\":{\"@type\":\"ImageObject\",\"inLanguage\":\"es\",\"@id\":\"https:\/\/www.fisioterapiamallorca.com\/#\/schema\/logo\/image\/\",\"url\":\"https:\/\/www.fisioterapiamallorca.com\/wp-content\/uploads\/2024\/10\/logo-fisioterapia-mallorca_Mesa-de-trabajo-1.png\",\"contentUrl\":\"https:\/\/www.fisioterapiamallorca.com\/wp-content\/uploads\/2024\/10\/logo-fisioterapia-mallorca_Mesa-de-trabajo-1.png\",\"width\":468,\"height\":234,\"caption\":\"Fisioterapia Mallorca | Miquel Mir\"},\"image\":{\"@id\":\"https:\/\/www.fisioterapiamallorca.com\/#\/schema\/logo\/image\/\"},\"sameAs\":[\"https:\/\/www.facebook.com\/fisioterapeutamallorca\",\"https:\/\/www.instagram.com\/fisioterapia_mallorca\/\"]}]}<\/script>\n<!-- \/ Yoast SEO plugin. -->","yoast_head_json":{"title":"Contactar | Fisioterapia Mallorca | Miquel Mir","description":"Contacta amb el nostre centre de fisioter\u00e0pia a Inca, Mallorca, per a m\u00e9s informaci\u00f3 sobre els nostres serveis i per programar la teva cita avui mateix.","robots":{"index":"index","follow":"follow","max-snippet":"max-snippet:-1","max-image-preview":"max-image-preview:large","max-video-preview":"max-video-preview:-1"},"canonical":"https:\/\/www.fisioterapiamallorca.com\/es\/contactar\/","og_locale":"es_ES","og_type":"article","og_title":"Contactar | Fisioterapia Mallorca | Miquel Mir","og_description":"Contacta amb el nostre centre de fisioter\u00e0pia a Inca, Mallorca, per a m\u00e9s informaci\u00f3 sobre els nostres serveis i per programar la teva cita avui mateix.","og_url":"https:\/\/www.fisioterapiamallorca.com\/es\/contactar\/","og_site_name":"Fisioterapia Mallorca | Miquel Mir","article_publisher":"https:\/\/www.facebook.com\/fisioterapeutamallorca","article_modified_time":"2024-10-10T11:37:25+00:00","og_image":[{"width":1920,"height":1280,"url":"https:\/\/www.fisioterapiamallorca.com\/wp-content\/uploads\/2022\/03\/fisioterapia_mallorca_12.jpg","type":"image\/jpeg"}],"twitter_card":"summary_large_image","twitter_misc":{"Tiempo de lectura":"1 minuto"},"schema":{"@context":"https:\/\/schema.org","@graph":[{"@type":"WebPage","@id":"https:\/\/www.fisioterapiamallorca.com\/contactar\/","url":"https:\/\/www.fisioterapiamallorca.com\/contactar\/","name":"Contactar | Fisioterapia Mallorca | Miquel Mir","isPartOf":{"@id":"https:\/\/www.fisioterapiamallorca.com\/#website"},"primaryImageOfPage":{"@id":"https:\/\/www.fisioterapiamallorca.com\/contactar\/#primaryimage"},"image":{"@id":"https:\/\/www.fisioterapiamallorca.com\/contactar\/#primaryimage"},"thumbnailUrl":"https:\/\/www.fisioterapiamallorca.com\/wp-content\/uploads\/2022\/03\/fisioterapia_mallorca_12.jpg","datePublished":"2017-04-20T12:56:27+00:00","dateModified":"2024-10-10T11:37:25+00:00","description":"Contacta amb el nostre centre de fisioter\u00e0pia a Inca, Mallorca, per a m\u00e9s informaci\u00f3 sobre els nostres serveis i per programar la teva cita avui mateix.","breadcrumb":{"@id":"https:\/\/www.fisioterapiamallorca.com\/contactar\/#breadcrumb"},"inLanguage":"es","potentialAction":[{"@type":"ReadAction","target":["https:\/\/www.fisioterapiamallorca.com\/contactar\/"]}]},{"@type":"ImageObject","inLanguage":"es","@id":"https:\/\/www.fisioterapiamallorca.com\/contactar\/#primaryimage","url":"https:\/\/www.fisioterapiamallorca.com\/wp-content\/uploads\/2022\/03\/fisioterapia_mallorca_12.jpg","contentUrl":"https:\/\/www.fisioterapiamallorca.com\/wp-content\/uploads\/2022\/03\/fisioterapia_mallorca_12.jpg","width":1920,"height":1280,"caption":"Miquel Mir Fisioterapia Mallorca"},{"@type":"BreadcrumbList","@id":"https:\/\/www.fisioterapiamallorca.com\/contactar\/#breadcrumb","itemListElement":[{"@type":"ListItem","position":1,"name":"Inici","item":"https:\/\/www.fisioterapiamallorca.com\/"},{"@type":"ListItem","position":2,"name":"Contactar"}]},{"@type":"WebSite","@id":"https:\/\/www.fisioterapiamallorca.com\/#website","url":"https:\/\/www.fisioterapiamallorca.com\/","name":"Fisioterapia Mallorca | Miquel Mir","description":"Miquel Mir | Fisioterapeuta en Inca, Mallorca","publisher":{"@id":"https:\/\/www.fisioterapiamallorca.com\/#organization"},"alternateName":"Fisioterapia Mallorca","potentialAction":[{"@type":"SearchAction","target":{"@type":"EntryPoint","urlTemplate":"https:\/\/www.fisioterapiamallorca.com\/?s={search_term_string}"},"query-input":{"@type":"PropertyValueSpecification","valueRequired":true,"valueName":"search_term_string"}}],"inLanguage":"es"},{"@type":"Organization","@id":"https:\/\/www.fisioterapiamallorca.com\/#organization","name":"Fisioterapia Mallorca | Miquel Mir","alternateName":"Fisioterapia Mallorca","url":"https:\/\/www.fisioterapiamallorca.com\/","logo":{"@type":"ImageObject","inLanguage":"es","@id":"https:\/\/www.fisioterapiamallorca.com\/#\/schema\/logo\/image\/","url":"https:\/\/www.fisioterapiamallorca.com\/wp-content\/uploads\/2024\/10\/logo-fisioterapia-mallorca_Mesa-de-trabajo-1.png","contentUrl":"https:\/\/www.fisioterapiamallorca.com\/wp-content\/uploads\/2024\/10\/logo-fisioterapia-mallorca_Mesa-de-trabajo-1.png","width":468,"height":234,"caption":"Fisioterapia Mallorca | Miquel Mir"},"image":{"@id":"https:\/\/www.fisioterapiamallorca.com\/#\/schema\/logo\/image\/"},"sameAs":["https:\/\/www.facebook.com\/fisioterapeutamallorca","https:\/\/www.instagram.com\/fisioterapia_mallorca\/"]}]}},"_links":{"self":[{"href":"https:\/\/www.fisioterapiamallorca.com\/es\/wp-json\/wp\/v2\/pages\/6663","targetHints":{"allow":["GET"]}}],"collection":[{"href":"https:\/\/www.fisioterapiamallorca.com\/es\/wp-json\/wp\/v2\/pages"}],"about":[{"href":"https:\/\/www.fisioterapiamallorca.com\/es\/wp-json\/wp\/v2\/types\/page"}],"author":[{"embeddable":true,"href":"https:\/\/www.fisioterapiamallorca.com\/es\/wp-json\/wp\/v2\/users\/2"}],"replies":[{"embeddable":true,"href":"https:\/\/www.fisioterapiamallorca.com\/es\/wp-json\/wp\/v2\/comments?post=6663"}],"version-history":[{"count":44,"href":"https:\/\/www.fisioterapiamallorca.com\/es\/wp-json\/wp\/v2\/pages\/6663\/revisions"}],"predecessor-version":[{"id":16982,"href":"https:\/\/www.fisioterapiamallorca.com\/es\/wp-json\/wp\/v2\/pages\/6663\/revisions\/16982"}],"wp:featuredmedia":[{"embeddable":true,"href":"https:\/\/www.fisioterapiamallorca.com\/es\/wp-json\/wp\/v2\/media\/15850"}],"wp:attachment":[{"href":"https:\/\/www.fisioterapiamallorca.com\/es\/wp-json\/wp\/v2\/media?parent=6663"}],"curies":[{"name":"wp","href":"https:\/\/api.w.org\/{rel}","templated":true}]}}