{"id":16165,"date":"2022-03-29T16:42:35","date_gmt":"2022-03-29T14:42:35","guid":{"rendered":"https:\/\/www.fisioterapiamallorca.com\/novaweb\/personalizar-cookies\/"},"modified":"2022-05-11T11:15:03","modified_gmt":"2022-05-11T09:15:03","slug":"personalizar-cookies","status":"publish","type":"page","link":"https:\/\/www.fisioterapiamallorca.com\/es\/personalizar-cookies\/","title":{"rendered":"Personalizar Cookies"},"content":{"rendered":"<div>\n      <div id=\"custom-cookies-eu-label\">\n          El sitio Web https:\/\/www.fisioterapiamallorca.com\/novaweb utiliza cookies propias y de terceros para su correcto funcionamiento y para fines anal\u00edticos. Al hacer clic en el bot\u00f3n Aceptar, acepta el uso de estas tecnolog\u00edas y el procesamiento de sus datos para estos prop\u00f3sitos.          \n\n      <\/div>\n\n      <div id=\"custom-cookies-eu-buttons\" class=\"cookies-eu-buttons\">\n        <button id=\"custom-cookies-eu-reject\" class=\"cookies-eu-reject\">Rechazar<\/button>\n        <button id=\"custom-cookies-eu-accept\" class=\"cookies-eu-accept\">ACEPTAR TODAS LAS COOKIES<\/button><\/div>\n      <\/div>\n\n<br\/>\n<p>\n\tPuedes cambiar tus preferencias de cookies en cualquier momento si vuelves a la p\u00e1gina de Personalizar cookies, a la que puedes acceder a trav\u00e9s del Aviso de cookies. Para obtener m\u00e1s informaci\u00f3n sobre las cookies y c\u00f3mo las usamos, consulta la p\u00e1gina de <a href=\"https:\/\/www.fisioterapiamallorca.com\/es\/politica-de-cookies\/\">Pol\u00edtica de Cookies<\/a>.\n<\/p>\n\n<h3>Cookies t\u00e9cnicas<\/h3>\n<p>\n\tSon aquellas que permiten a los usuarios registrados navegar a trav\u00e9s del sitio Web, del \u00e1rea restringida y a utilizar sus diferentes funciones, como por ejemplo, el sistema de comentarios o el buscador y no pueden ser desactivadas.\n<\/p>\n\n<div class=\"custom-cookies-option\">\n  <h3>Cookies de an\u00e1lisis o medici\u00f3n<\/h3>\n  <span>\n    <input type=\"radio\" name=\"cookies-analytics-option\" value=\"true\" class=\"custom-cookies-radio\" data-consent=\"ANLTCS\" id=\"custom-cookies-accept-analytics\" >\n    <label for=\"custom-cookies-accept-analytics\">Activar<\/label>\n    &nbsp;&nbsp;\n    <input type=\"radio\" name=\"cookies-analytics-option\" value=\"false\" class=\"custom-cookies-radio\" data-consent=\"ANLTCS\" id=\"custom-cookies-reject-analytics\" \n    checked>\n    <label for=\"custom-cookies-reject-analytics\">Desactivar<\/label>\n<\/span>\n<\/div>\n\n<p>\n\tSon aquellas que, bien tratadas por el sitio Web o por terceros, permiten cuantificar el n\u00famero de usuarios y as\u00ed realizar la medici\u00f3n y an\u00e1lisis estad\u00edstico de la utilizaci\u00f3n que hacen los usuarios del sitio Web. Para ello se analiza la navegaci\u00f3n que realizas en este sitio Web con el fin de mejorarlo.\n<\/p>","protected":false},"excerpt":{"rendered":"<p>El sitio Web https:\/\/www.fisioterapiamallorca.com\/novaweb utiliza cookies propias y de terceros para su correcto funcionamiento y para fines anal\u00edticos. Al hacer clic en el bot\u00f3n Aceptar, acepta el uso de estas tecnolog\u00edas y el procesamiento de sus datos para estos prop\u00f3sitos. [&hellip;]<\/p>","protected":false},"author":2,"featured_media":0,"parent":0,"menu_order":0,"comment_status":"closed","ping_status":"closed","template":"","meta":{"footnotes":""},"class_list":["post-16165","page","type-page","status-publish","hentry"],"yoast_head":"<!-- This site is optimized with the Yoast SEO plugin v23.5 - https:\/\/yoast.com\/wordpress\/plugins\/seo\/ -->\n<title>Personalitzar Cookies | Fisioterapia Mallorca | Miquel Mir<\/title>\n<meta name=\"robots\" content=\"index, follow, max-snippet:-1, max-image-preview:large, max-video-preview:-1\" \/>\n<link rel=\"canonical\" href=\"https:\/\/www.fisioterapiamallorca.com\/es\/personalizar-cookies\/\" \/>\n<meta property=\"og:locale\" content=\"es_ES\" \/>\n<meta property=\"og:type\" content=\"article\" \/>\n<meta property=\"og:title\" content=\"Personalitzar Cookies | Fisioterapia Mallorca | Miquel Mir\" \/>\n<meta property=\"og:description\" content=\"El sitio Web https:\/\/www.fisioterapiamallorca.com\/novaweb utiliza cookies propias y de terceros para su correcto funcionamiento y para fines anal\u00edticos. Al hacer clic en el bot\u00f3n Aceptar, acepta el uso de estas tecnolog\u00edas y el procesamiento de sus datos para estos prop\u00f3sitos. [&hellip;]\" \/>\n<meta property=\"og:url\" content=\"https:\/\/www.fisioterapiamallorca.com\/es\/personalizar-cookies\/\" \/>\n<meta property=\"og:site_name\" content=\"Fisioterapia Mallorca | Miquel Mir\" \/>\n<meta property=\"article:publisher\" content=\"https:\/\/www.facebook.com\/fisioterapeutamallorca\" \/>\n<meta property=\"article:modified_time\" content=\"2022-05-11T09:15:03+00:00\" \/>\n<meta property=\"og:image\" content=\"https:\/\/www.fisioterapiamallorca.com\/wp-content\/uploads\/2024\/10\/IMG-20240826-WA0018.jpg\" \/>\n\t<meta property=\"og:image:width\" content=\"1066\" \/>\n\t<meta property=\"og:image:height\" content=\"1600\" \/>\n\t<meta property=\"og:image:type\" content=\"image\/jpeg\" \/>\n<meta name=\"twitter:card\" content=\"summary_large_image\" \/>\n<script type=\"application\/ld+json\" class=\"yoast-schema-graph\">{\"@context\":\"https:\/\/schema.org\",\"@graph\":[{\"@type\":\"WebPage\",\"@id\":\"https:\/\/www.fisioterapiamallorca.com\/personalizar-cookies\/\",\"url\":\"https:\/\/www.fisioterapiamallorca.com\/personalizar-cookies\/\",\"name\":\"Personalitzar Cookies | Fisioterapia Mallorca | Miquel Mir\",\"isPartOf\":{\"@id\":\"https:\/\/www.fisioterapiamallorca.com\/#website\"},\"datePublished\":\"2022-03-29T14:42:35+00:00\",\"dateModified\":\"2022-05-11T09:15:03+00:00\",\"breadcrumb\":{\"@id\":\"https:\/\/www.fisioterapiamallorca.com\/personalizar-cookies\/#breadcrumb\"},\"inLanguage\":\"es\",\"potentialAction\":[{\"@type\":\"ReadAction\",\"target\":[\"https:\/\/www.fisioterapiamallorca.com\/personalizar-cookies\/\"]}]},{\"@type\":\"BreadcrumbList\",\"@id\":\"https:\/\/www.fisioterapiamallorca.com\/personalizar-cookies\/#breadcrumb\",\"itemListElement\":[{\"@type\":\"ListItem\",\"position\":1,\"name\":\"Inici\",\"item\":\"https:\/\/www.fisioterapiamallorca.com\/\"},{\"@type\":\"ListItem\",\"position\":2,\"name\":\"Personalitzar Cookies\"}]},{\"@type\":\"WebSite\",\"@id\":\"https:\/\/www.fisioterapiamallorca.com\/#website\",\"url\":\"https:\/\/www.fisioterapiamallorca.com\/\",\"name\":\"Fisioterapia Mallorca | Miquel Mir\",\"description\":\"Miquel Mir | Fisioterapeuta en Inca, Mallorca\",\"publisher\":{\"@id\":\"https:\/\/www.fisioterapiamallorca.com\/#organization\"},\"alternateName\":\"Fisioterapia Mallorca\",\"potentialAction\":[{\"@type\":\"SearchAction\",\"target\":{\"@type\":\"EntryPoint\",\"urlTemplate\":\"https:\/\/www.fisioterapiamallorca.com\/?s={search_term_string}\"},\"query-input\":{\"@type\":\"PropertyValueSpecification\",\"valueRequired\":true,\"valueName\":\"search_term_string\"}}],\"inLanguage\":\"es\"},{\"@type\":\"Organization\",\"@id\":\"https:\/\/www.fisioterapiamallorca.com\/#organization\",\"name\":\"Fisioterapia Mallorca | Miquel Mir\",\"alternateName\":\"Fisioterapia Mallorca\",\"url\":\"https:\/\/www.fisioterapiamallorca.com\/\",\"logo\":{\"@type\":\"ImageObject\",\"inLanguage\":\"es\",\"@id\":\"https:\/\/www.fisioterapiamallorca.com\/#\/schema\/logo\/image\/\",\"url\":\"https:\/\/www.fisioterapiamallorca.com\/wp-content\/uploads\/2024\/10\/logo-fisioterapia-mallorca_Mesa-de-trabajo-1.png\",\"contentUrl\":\"https:\/\/www.fisioterapiamallorca.com\/wp-content\/uploads\/2024\/10\/logo-fisioterapia-mallorca_Mesa-de-trabajo-1.png\",\"width\":468,\"height\":234,\"caption\":\"Fisioterapia Mallorca | Miquel Mir\"},\"image\":{\"@id\":\"https:\/\/www.fisioterapiamallorca.com\/#\/schema\/logo\/image\/\"},\"sameAs\":[\"https:\/\/www.facebook.com\/fisioterapeutamallorca\",\"https:\/\/www.instagram.com\/fisioterapia_mallorca\/\"]}]}<\/script>\n<!-- \/ Yoast SEO plugin. -->","yoast_head_json":{"title":"Personalitzar Cookies | Fisioterapia Mallorca | Miquel Mir","robots":{"index":"index","follow":"follow","max-snippet":"max-snippet:-1","max-image-preview":"max-image-preview:large","max-video-preview":"max-video-preview:-1"},"canonical":"https:\/\/www.fisioterapiamallorca.com\/es\/personalizar-cookies\/","og_locale":"es_ES","og_type":"article","og_title":"Personalitzar Cookies | Fisioterapia Mallorca | Miquel Mir","og_description":"El sitio Web https:\/\/www.fisioterapiamallorca.com\/novaweb utiliza cookies propias y de terceros para su correcto funcionamiento y para fines anal\u00edticos. Al hacer clic en el bot\u00f3n Aceptar, acepta el uso de estas tecnolog\u00edas y el procesamiento de sus datos para estos prop\u00f3sitos. [&hellip;]","og_url":"https:\/\/www.fisioterapiamallorca.com\/es\/personalizar-cookies\/","og_site_name":"Fisioterapia Mallorca | Miquel Mir","article_publisher":"https:\/\/www.facebook.com\/fisioterapeutamallorca","article_modified_time":"2022-05-11T09:15:03+00:00","og_image":[{"width":1066,"height":1600,"url":"https:\/\/www.fisioterapiamallorca.com\/wp-content\/uploads\/2024\/10\/IMG-20240826-WA0018.jpg","type":"image\/jpeg"}],"twitter_card":"summary_large_image","schema":{"@context":"https:\/\/schema.org","@graph":[{"@type":"WebPage","@id":"https:\/\/www.fisioterapiamallorca.com\/personalizar-cookies\/","url":"https:\/\/www.fisioterapiamallorca.com\/personalizar-cookies\/","name":"Personalitzar Cookies | Fisioterapia Mallorca | Miquel Mir","isPartOf":{"@id":"https:\/\/www.fisioterapiamallorca.com\/#website"},"datePublished":"2022-03-29T14:42:35+00:00","dateModified":"2022-05-11T09:15:03+00:00","breadcrumb":{"@id":"https:\/\/www.fisioterapiamallorca.com\/personalizar-cookies\/#breadcrumb"},"inLanguage":"es","potentialAction":[{"@type":"ReadAction","target":["https:\/\/www.fisioterapiamallorca.com\/personalizar-cookies\/"]}]},{"@type":"BreadcrumbList","@id":"https:\/\/www.fisioterapiamallorca.com\/personalizar-cookies\/#breadcrumb","itemListElement":[{"@type":"ListItem","position":1,"name":"Inici","item":"https:\/\/www.fisioterapiamallorca.com\/"},{"@type":"ListItem","position":2,"name":"Personalitzar Cookies"}]},{"@type":"WebSite","@id":"https:\/\/www.fisioterapiamallorca.com\/#website","url":"https:\/\/www.fisioterapiamallorca.com\/","name":"Fisioterapia Mallorca | Miquel Mir","description":"Miquel Mir | Fisioterapeuta en Inca, Mallorca","publisher":{"@id":"https:\/\/www.fisioterapiamallorca.com\/#organization"},"alternateName":"Fisioterapia Mallorca","potentialAction":[{"@type":"SearchAction","target":{"@type":"EntryPoint","urlTemplate":"https:\/\/www.fisioterapiamallorca.com\/?s={search_term_string}"},"query-input":{"@type":"PropertyValueSpecification","valueRequired":true,"valueName":"search_term_string"}}],"inLanguage":"es"},{"@type":"Organization","@id":"https:\/\/www.fisioterapiamallorca.com\/#organization","name":"Fisioterapia Mallorca | Miquel Mir","alternateName":"Fisioterapia Mallorca","url":"https:\/\/www.fisioterapiamallorca.com\/","logo":{"@type":"ImageObject","inLanguage":"es","@id":"https:\/\/www.fisioterapiamallorca.com\/#\/schema\/logo\/image\/","url":"https:\/\/www.fisioterapiamallorca.com\/wp-content\/uploads\/2024\/10\/logo-fisioterapia-mallorca_Mesa-de-trabajo-1.png","contentUrl":"https:\/\/www.fisioterapiamallorca.com\/wp-content\/uploads\/2024\/10\/logo-fisioterapia-mallorca_Mesa-de-trabajo-1.png","width":468,"height":234,"caption":"Fisioterapia Mallorca | Miquel Mir"},"image":{"@id":"https:\/\/www.fisioterapiamallorca.com\/#\/schema\/logo\/image\/"},"sameAs":["https:\/\/www.facebook.com\/fisioterapeutamallorca","https:\/\/www.instagram.com\/fisioterapia_mallorca\/"]}]}},"_links":{"self":[{"href":"https:\/\/www.fisioterapiamallorca.com\/es\/wp-json\/wp\/v2\/pages\/16165","targetHints":{"allow":["GET"]}}],"collection":[{"href":"https:\/\/www.fisioterapiamallorca.com\/es\/wp-json\/wp\/v2\/pages"}],"about":[{"href":"https:\/\/www.fisioterapiamallorca.com\/es\/wp-json\/wp\/v2\/types\/page"}],"author":[{"embeddable":true,"href":"https:\/\/www.fisioterapiamallorca.com\/es\/wp-json\/wp\/v2\/users\/2"}],"replies":[{"embeddable":true,"href":"https:\/\/www.fisioterapiamallorca.com\/es\/wp-json\/wp\/v2\/comments?post=16165"}],"version-history":[{"count":1,"href":"https:\/\/www.fisioterapiamallorca.com\/es\/wp-json\/wp\/v2\/pages\/16165\/revisions"}],"predecessor-version":[{"id":16350,"href":"https:\/\/www.fisioterapiamallorca.com\/es\/wp-json\/wp\/v2\/pages\/16165\/revisions\/16350"}],"wp:attachment":[{"href":"https:\/\/www.fisioterapiamallorca.com\/es\/wp-json\/wp\/v2\/media?parent=16165"}],"curies":[{"name":"wp","href":"https:\/\/api.w.org\/{rel}","templated":true}]}}